{"id":60,"date":"2024-11-02T16:34:41","date_gmt":"2024-11-02T16:34:41","guid":{"rendered":"https:\/\/tahricteaches.com\/product\/himalaya-range\/"},"modified":"2024-11-02T16:34:41","modified_gmt":"2024-11-02T16:34:41","slug":"himalaya-range","status":"publish","type":"product","link":"https:\/\/tahricteaches.com\/cs\/product\/himalajske-pohori\/","title":{"rendered":"Him\u00e1lajsk\u00e9 poho\u0159\u00ed"},"content":{"rendered":"<p>Tato produktov\u00e1 \u0159ada, pojmenovan\u00e1 po rozlehl\u00e9m a n\u00e1ro\u010dn\u00e9m him\u00e1lajsk\u00e9m poho\u0159\u00ed, p\u0159edstavuje s\u00edlu, odolnost a dobrodru\u017en\u00e9ho ducha. Je vhodn\u00e1 pro vysoce v\u00fdkonn\u00e9 produkty, kter\u00e9 jsou navr\u017eeny tak, aby odolaly extr\u00e9mn\u00edm podm\u00ednk\u00e1m a v\u00fdzv\u00e1m.<\/p>","protected":false},"excerpt":{"rendered":"<p>Ide\u00e1ln\u00ed pro produkty, kter\u00e9 p\u0159edstavuj\u00ed s\u00edlu a odolnost, inspirovan\u00e9 rozlehl\u00fdm a n\u00e1ro\u010dn\u00fdm him\u00e1lajsk\u00fdm poho\u0159\u00edm.<\/p>","protected":false},"featured_media":37,"comment_status":"open","ping_status":"closed","template":"","meta":{"rank_math_lock_modified_date":false,"_kadence_starter_templates_imported_post":true,"_kad_post_transparent":"","_kad_post_title":"","_kad_post_layout":"","_kad_post_sidebar_id":"","_kad_post_content_style":"","_kad_post_vertical_padding":"","_kad_post_feature":"","_kad_post_feature_position":"","_kad_post_header":false,"_kad_post_footer":false},"product_cat":[21],"product_tag":[],"class_list":{"0":"post-60","1":"product","2":"type-product","3":"status-publish","4":"has-post-thumbnail","6":"product_cat-external-types","8":"first","9":"instock","10":"shipping-taxable","11":"product-type-external","12":"entry","13":"content-bg","14":"loop-entry"},"_links":{"self":[{"href":"https:\/\/tahricteaches.com\/cs\/wp-json\/wp\/v2\/product\/60","targetHints":{"allow":["GET"]}}],"collection":[{"href":"https:\/\/tahricteaches.com\/cs\/wp-json\/wp\/v2\/product"}],"about":[{"href":"https:\/\/tahricteaches.com\/cs\/wp-json\/wp\/v2\/types\/product"}],"replies":[{"embeddable":true,"href":"https:\/\/tahricteaches.com\/cs\/wp-json\/wp\/v2\/comments?post=60"}],"wp:featuredmedia":[{"embeddable":true,"href":"https:\/\/tahricteaches.com\/cs\/wp-json\/wp\/v2\/media\/37"}],"wp:attachment":[{"href":"https:\/\/tahricteaches.com\/cs\/wp-json\/wp\/v2\/media?parent=60"}],"wp:term":[{"taxonomy":"product_cat","embeddable":true,"href":"https:\/\/tahricteaches.com\/cs\/wp-json\/wp\/v2\/product_cat?post=60"},{"taxonomy":"product_tag","embeddable":true,"href":"https:\/\/tahricteaches.com\/cs\/wp-json\/wp\/v2\/product_tag?post=60"}],"curies":[{"name":"wp","href":"https:\/\/api.w.org\/{rel}","templated":true}]}}