{"id":62,"date":"2024-11-02T16:34:41","date_gmt":"2024-11-02T16:34:41","guid":{"rendered":"https:\/\/tahricteaches.com\/product\/andes-collection\/"},"modified":"2024-11-02T16:34:41","modified_gmt":"2024-11-02T16:34:41","slug":"andes-collection","status":"publish","type":"product","link":"https:\/\/tahricteaches.com\/cs\/product\/andska-kolekce\/","title":{"rendered":"Andsk\u00e1 kolekce"},"content":{"rendered":"<p>Tato kolekce, inspirovan\u00e1 Andami, jedn\u00edm z nejdel\u0161\u00edch poho\u0159\u00ed sv\u011bta, symbolizuje rozmanitost a vytrvalost. Produkty z kolekce Andes jsou v\u0161estrann\u00e9, odoln\u00e9 a navr\u017een\u00e9 tak, aby uspokojily \u0161irokou \u0161k\u00e1lu pot\u0159eb a odr\u00e1\u017eely rozmanitou krajinu a klima And.<\/p>","protected":false},"excerpt":{"rendered":"<p>Vhodn\u00e9 pro rozmanitou a v\u0161estrannou \u0161k\u00e1lu produkt\u016f, jeliko\u017e Andy pat\u0159\u00ed k nejdel\u0161\u00edm poho\u0159\u00edm.<\/p>","protected":false},"featured_media":39,"comment_status":"open","ping_status":"closed","template":"","meta":{"rank_math_lock_modified_date":false,"_kadence_starter_templates_imported_post":true,"_kad_post_transparent":"","_kad_post_title":"","_kad_post_layout":"","_kad_post_sidebar_id":"","_kad_post_content_style":"","_kad_post_vertical_padding":"","_kad_post_feature":"","_kad_post_feature_position":"","_kad_post_header":false,"_kad_post_footer":false},"product_cat":[21],"product_tag":[],"class_list":{"0":"post-62","1":"product","2":"type-product","3":"status-publish","4":"has-post-thumbnail","6":"product_cat-external-types","8":"first","9":"instock","10":"shipping-taxable","11":"product-type-external","12":"entry","13":"content-bg","14":"loop-entry"},"_links":{"self":[{"href":"https:\/\/tahricteaches.com\/cs\/wp-json\/wp\/v2\/product\/62","targetHints":{"allow":["GET"]}}],"collection":[{"href":"https:\/\/tahricteaches.com\/cs\/wp-json\/wp\/v2\/product"}],"about":[{"href":"https:\/\/tahricteaches.com\/cs\/wp-json\/wp\/v2\/types\/product"}],"replies":[{"embeddable":true,"href":"https:\/\/tahricteaches.com\/cs\/wp-json\/wp\/v2\/comments?post=62"}],"wp:featuredmedia":[{"embeddable":true,"href":"https:\/\/tahricteaches.com\/cs\/wp-json\/wp\/v2\/media\/39"}],"wp:attachment":[{"href":"https:\/\/tahricteaches.com\/cs\/wp-json\/wp\/v2\/media?parent=62"}],"wp:term":[{"taxonomy":"product_cat","embeddable":true,"href":"https:\/\/tahricteaches.com\/cs\/wp-json\/wp\/v2\/product_cat?post=62"},{"taxonomy":"product_tag","embeddable":true,"href":"https:\/\/tahricteaches.com\/cs\/wp-json\/wp\/v2\/product_tag?post=62"}],"curies":[{"name":"wp","href":"https:\/\/api.w.org\/{rel}","templated":true}]}}