{"id":64,"date":"2024-11-02T16:34:45","date_gmt":"2024-11-02T16:34:45","guid":{"rendered":"https:\/\/tahricteaches.com\/product\/kilimanjaro-set\/"},"modified":"2024-11-02T16:34:45","modified_gmt":"2024-11-02T16:34:45","slug":"kilimanjaro-set","status":"publish","type":"product","link":"https:\/\/tahricteaches.com\/cs\/product\/sada-kilimandzaro\/","title":{"rendered":"Sada Kilimand\u017e\u00e1ro"},"content":{"rendered":"<p>Inspirac\u00ed pro tuto sadu je jedine\u010dn\u00e1 v\u00fdzna\u010dnost hory Kilimand\u017e\u00e1ro v africk\u00e9 krajin\u011b. Sada Kilimand\u017e\u00e1ro, ide\u00e1ln\u00ed pro unik\u00e1tn\u00ed nebo speci\u00e1ln\u00ed produkty, vynik\u00e1 svou osobitost\u00ed a individualitou, podobn\u011b jako samostatn\u00e1 kr\u00e1sa samotn\u00e9ho Kilimand\u017e\u00e1ra.<\/p>","protected":false},"excerpt":{"rendered":"<p>Vhodn\u00e9 pro unik\u00e1tn\u00ed nebo samostatn\u00e9 produkty, podobn\u00e9 jedine\u010dn\u00e9 v\u00fd\u0161ce hory Kilimand\u017e\u00e1ro v Africe.<\/p>","protected":false},"featured_media":63,"comment_status":"open","ping_status":"closed","template":"","meta":{"rank_math_lock_modified_date":false,"_kadence_starter_templates_imported_post":true,"_kad_post_transparent":"","_kad_post_title":"","_kad_post_layout":"","_kad_post_sidebar_id":"","_kad_post_content_style":"","_kad_post_vertical_padding":"","_kad_post_feature":"","_kad_post_feature_position":"","_kad_post_header":false,"_kad_post_footer":false},"product_cat":[22],"product_tag":[],"class_list":{"0":"post-64","1":"product","2":"type-product","3":"status-publish","4":"has-post-thumbnail","6":"product_cat-simple-types","8":"first","9":"instock","10":"shipping-taxable","11":"purchasable","12":"product-type-simple","13":"entry","14":"content-bg","15":"loop-entry"},"_links":{"self":[{"href":"https:\/\/tahricteaches.com\/cs\/wp-json\/wp\/v2\/product\/64","targetHints":{"allow":["GET"]}}],"collection":[{"href":"https:\/\/tahricteaches.com\/cs\/wp-json\/wp\/v2\/product"}],"about":[{"href":"https:\/\/tahricteaches.com\/cs\/wp-json\/wp\/v2\/types\/product"}],"replies":[{"embeddable":true,"href":"https:\/\/tahricteaches.com\/cs\/wp-json\/wp\/v2\/comments?post=64"}],"wp:featuredmedia":[{"embeddable":true,"href":"https:\/\/tahricteaches.com\/cs\/wp-json\/wp\/v2\/media\/63"}],"wp:attachment":[{"href":"https:\/\/tahricteaches.com\/cs\/wp-json\/wp\/v2\/media?parent=64"}],"wp:term":[{"taxonomy":"product_cat","embeddable":true,"href":"https:\/\/tahricteaches.com\/cs\/wp-json\/wp\/v2\/product_cat?post=64"},{"taxonomy":"product_tag","embeddable":true,"href":"https:\/\/tahricteaches.com\/cs\/wp-json\/wp\/v2\/product_tag?post=64"}],"curies":[{"name":"wp","href":"https:\/\/api.w.org\/{rel}","templated":true}]}}