{"id":66,"date":"2024-11-02T16:34:49","date_gmt":"2024-11-02T16:34:49","guid":{"rendered":"https:\/\/tahricteaches.com\/product\/rockies-line\/"},"modified":"2024-11-02T16:34:49","modified_gmt":"2024-11-02T16:34:49","slug":"rockies-line","status":"publish","type":"product","link":"https:\/\/tahricteaches.com\/cs\/product\/linie-skalistych-hor\/","title":{"rendered":"Skaln\u00ed horsk\u00e1 linie"},"content":{"rendered":"<p>\u0158ada Rockies, \u010derpaj\u00edc\u00ed z drsn\u00e9 a majest\u00e1tn\u00ed p\u0159\u00edrody Skalnat\u00fdch hor, je ide\u00e1ln\u00ed pro produkty, kter\u00e9 jsou robustn\u00ed, spolehliv\u00e9 a vyroben\u00e9 pro dlouhou \u017eivotnost. Je ide\u00e1ln\u00ed volbou pro outdoorov\u00e9, dobrodru\u017en\u00e9 nebo n\u00e1ro\u010dn\u00e9 produkty, kter\u00e9 vy\u017eaduj\u00ed odolnost a pevnost.<\/p>","protected":false},"excerpt":{"rendered":"<p>Ide\u00e1ln\u00ed pro robustn\u00ed a odoln\u00e9 produkty, \u010derpaj\u00edc\u00ed z drsn\u00e9 povahy Skalnat\u00fdch hor.<\/p>","protected":false},"featured_media":65,"comment_status":"open","ping_status":"closed","template":"","meta":{"rank_math_lock_modified_date":false,"_kadence_starter_templates_imported_post":true,"_kad_post_transparent":"","_kad_post_title":"","_kad_post_layout":"","_kad_post_sidebar_id":"","_kad_post_content_style":"","_kad_post_vertical_padding":"","_kad_post_feature":"","_kad_post_feature_position":"","_kad_post_header":false,"_kad_post_footer":false},"product_cat":[22],"product_tag":[],"class_list":{"0":"post-66","1":"product","2":"type-product","3":"status-publish","4":"has-post-thumbnail","6":"product_cat-simple-types","8":"first","9":"instock","10":"shipping-taxable","11":"purchasable","12":"product-type-simple","13":"entry","14":"content-bg","15":"loop-entry"},"_links":{"self":[{"href":"https:\/\/tahricteaches.com\/cs\/wp-json\/wp\/v2\/product\/66","targetHints":{"allow":["GET"]}}],"collection":[{"href":"https:\/\/tahricteaches.com\/cs\/wp-json\/wp\/v2\/product"}],"about":[{"href":"https:\/\/tahricteaches.com\/cs\/wp-json\/wp\/v2\/types\/product"}],"replies":[{"embeddable":true,"href":"https:\/\/tahricteaches.com\/cs\/wp-json\/wp\/v2\/comments?post=66"}],"wp:featuredmedia":[{"embeddable":true,"href":"https:\/\/tahricteaches.com\/cs\/wp-json\/wp\/v2\/media\/65"}],"wp:attachment":[{"href":"https:\/\/tahricteaches.com\/cs\/wp-json\/wp\/v2\/media?parent=66"}],"wp:term":[{"taxonomy":"product_cat","embeddable":true,"href":"https:\/\/tahricteaches.com\/cs\/wp-json\/wp\/v2\/product_cat?post=66"},{"taxonomy":"product_tag","embeddable":true,"href":"https:\/\/tahricteaches.com\/cs\/wp-json\/wp\/v2\/product_tag?post=66"}],"curies":[{"name":"wp","href":"https:\/\/api.w.org\/{rel}","templated":true}]}}