{"id":64,"date":"2024-11-02T16:34:45","date_gmt":"2024-11-02T16:34:45","guid":{"rendered":"https:\/\/tahricteaches.com\/product\/kilimanjaro-set\/"},"modified":"2024-11-02T16:34:45","modified_gmt":"2024-11-02T16:34:45","slug":"kilimanjaro-set","status":"publish","type":"product","link":"https:\/\/tahricteaches.com\/fr\/product\/ensemble-kilimandjaro\/","title":{"rendered":"Ensemble Kilimandjaro"},"content":{"rendered":"<p>La place singuli\u00e8re du mont Kilimandjaro dans le paysage africain est \u00e0 l&#039;origine de cet ensemble. Id\u00e9al pour les produits uniques ou sp\u00e9cialis\u00e9s, l&#039;ensemble Kilimandjaro se distingue par son caract\u00e8re distinctif et son individualit\u00e9, tout comme la beaut\u00e9 autonome du Kilimandjaro lui-m\u00eame.<\/p>","protected":false},"excerpt":{"rendered":"<p>Convient aux produits uniques ou autonomes, \u00e0 l&#039;image de la pro\u00e9minence singuli\u00e8re du mont Kilimandjaro en Afrique.<\/p>","protected":false},"featured_media":63,"comment_status":"open","ping_status":"closed","template":"","meta":{"rank_math_lock_modified_date":false,"_kadence_starter_templates_imported_post":true,"_kad_post_transparent":"","_kad_post_title":"","_kad_post_layout":"","_kad_post_sidebar_id":"","_kad_post_content_style":"","_kad_post_vertical_padding":"","_kad_post_feature":"","_kad_post_feature_position":"","_kad_post_header":false,"_kad_post_footer":false},"product_cat":[22],"product_tag":[],"class_list":{"0":"post-64","1":"product","2":"type-product","3":"status-publish","4":"has-post-thumbnail","6":"product_cat-simple-types","8":"first","9":"instock","10":"shipping-taxable","11":"purchasable","12":"product-type-simple","13":"entry","14":"content-bg","15":"loop-entry"},"_links":{"self":[{"href":"https:\/\/tahricteaches.com\/fr\/wp-json\/wp\/v2\/product\/64","targetHints":{"allow":["GET"]}}],"collection":[{"href":"https:\/\/tahricteaches.com\/fr\/wp-json\/wp\/v2\/product"}],"about":[{"href":"https:\/\/tahricteaches.com\/fr\/wp-json\/wp\/v2\/types\/product"}],"replies":[{"embeddable":true,"href":"https:\/\/tahricteaches.com\/fr\/wp-json\/wp\/v2\/comments?post=64"}],"wp:featuredmedia":[{"embeddable":true,"href":"https:\/\/tahricteaches.com\/fr\/wp-json\/wp\/v2\/media\/63"}],"wp:attachment":[{"href":"https:\/\/tahricteaches.com\/fr\/wp-json\/wp\/v2\/media?parent=64"}],"wp:term":[{"taxonomy":"product_cat","embeddable":true,"href":"https:\/\/tahricteaches.com\/fr\/wp-json\/wp\/v2\/product_cat?post=64"},{"taxonomy":"product_tag","embeddable":true,"href":"https:\/\/tahricteaches.com\/fr\/wp-json\/wp\/v2\/product_tag?post=64"}],"curies":[{"name":"wp","href":"https:\/\/api.w.org\/{rel}","templated":true}]}}