{"id":66,"date":"2024-11-02T16:34:49","date_gmt":"2024-11-02T16:34:49","guid":{"rendered":"https:\/\/tahricteaches.com\/product\/rockies-line\/"},"modified":"2024-11-02T16:34:49","modified_gmt":"2024-11-02T16:34:49","slug":"rockies-line","status":"publish","type":"product","link":"https:\/\/tahricteaches.com\/fr\/product\/ligne-des-rocheuses\/","title":{"rendered":"Ligne des Rocheuses"},"content":{"rendered":"<p>S&#039;inspirant de la nature sauvage et majestueuse des montagnes Rocheuses, la gamme Rockies est parfaite pour les produits robustes, fiables et con\u00e7us pour durer. Elle convient parfaitement aux produits de plein air, d&#039;aventure ou tr\u00e8s r\u00e9sistants qui n\u00e9cessitent r\u00e9silience et r\u00e9sistance.<\/p>","protected":false},"excerpt":{"rendered":"<p>Id\u00e9al pour des produits robustes et durables, inspir\u00e9s de la nature accident\u00e9e des montagnes Rocheuses.<\/p>","protected":false},"featured_media":65,"comment_status":"open","ping_status":"closed","template":"","meta":{"rank_math_lock_modified_date":false,"_kadence_starter_templates_imported_post":true,"_kad_post_transparent":"","_kad_post_title":"","_kad_post_layout":"","_kad_post_sidebar_id":"","_kad_post_content_style":"","_kad_post_vertical_padding":"","_kad_post_feature":"","_kad_post_feature_position":"","_kad_post_header":false,"_kad_post_footer":false},"product_cat":[22],"product_tag":[],"class_list":{"0":"post-66","1":"product","2":"type-product","3":"status-publish","4":"has-post-thumbnail","6":"product_cat-simple-types","8":"first","9":"instock","10":"shipping-taxable","11":"purchasable","12":"product-type-simple","13":"entry","14":"content-bg","15":"loop-entry"},"_links":{"self":[{"href":"https:\/\/tahricteaches.com\/fr\/wp-json\/wp\/v2\/product\/66","targetHints":{"allow":["GET"]}}],"collection":[{"href":"https:\/\/tahricteaches.com\/fr\/wp-json\/wp\/v2\/product"}],"about":[{"href":"https:\/\/tahricteaches.com\/fr\/wp-json\/wp\/v2\/types\/product"}],"replies":[{"embeddable":true,"href":"https:\/\/tahricteaches.com\/fr\/wp-json\/wp\/v2\/comments?post=66"}],"wp:featuredmedia":[{"embeddable":true,"href":"https:\/\/tahricteaches.com\/fr\/wp-json\/wp\/v2\/media\/65"}],"wp:attachment":[{"href":"https:\/\/tahricteaches.com\/fr\/wp-json\/wp\/v2\/media?parent=66"}],"wp:term":[{"taxonomy":"product_cat","embeddable":true,"href":"https:\/\/tahricteaches.com\/fr\/wp-json\/wp\/v2\/product_cat?post=66"},{"taxonomy":"product_tag","embeddable":true,"href":"https:\/\/tahricteaches.com\/fr\/wp-json\/wp\/v2\/product_tag?post=66"}],"curies":[{"name":"wp","href":"https:\/\/api.w.org\/{rel}","templated":true}]}}