{"id":68,"date":"2024-11-02T16:34:54","date_gmt":"2024-11-02T16:34:54","guid":{"rendered":"https:\/\/tahricteaches.com\/product\/everest-series\/"},"modified":"2024-11-02T16:34:54","modified_gmt":"2024-11-02T16:34:54","slug":"everest-series","status":"publish","type":"product","link":"https:\/\/tahricteaches.com\/fr\/product\/serie-everest\/","title":{"rendered":"S\u00e9rie Everest"},"content":{"rendered":"<p>Nomm\u00e9e d&#039;apr\u00e8s le mont Everest, le plus haut sommet du monde, cette s\u00e9rie repr\u00e9sente le summum de la qualit\u00e9 et de la performance. Id\u00e9ale pour les produits phares qui incarnent le meilleur de la technologie, de l&#039;innovation et du design, la s\u00e9rie Everest symbolise la conqu\u00eate des plus hauts standards d&#039;excellence.<\/p>","protected":false},"excerpt":{"rendered":"<p>Pour vos produits premium ou phares. Le Mont Everest est la plus haute montagne du monde, symbolisant le sommet de la qualit\u00e9 ou de la performance.<\/p>","protected":false},"featured_media":67,"comment_status":"open","ping_status":"closed","template":"","meta":{"rank_math_lock_modified_date":false,"_kadence_starter_templates_imported_post":true,"_kad_post_transparent":"","_kad_post_title":"","_kad_post_layout":"","_kad_post_sidebar_id":"","_kad_post_content_style":"","_kad_post_vertical_padding":"","_kad_post_feature":"","_kad_post_feature_position":"","_kad_post_header":false,"_kad_post_footer":false},"product_cat":[22],"product_tag":[],"class_list":{"0":"post-68","1":"product","2":"type-product","3":"status-publish","4":"has-post-thumbnail","6":"product_cat-simple-types","8":"first","9":"instock","10":"shipping-taxable","11":"purchasable","12":"product-type-simple","13":"entry","14":"content-bg","15":"loop-entry"},"_links":{"self":[{"href":"https:\/\/tahricteaches.com\/fr\/wp-json\/wp\/v2\/product\/68","targetHints":{"allow":["GET"]}}],"collection":[{"href":"https:\/\/tahricteaches.com\/fr\/wp-json\/wp\/v2\/product"}],"about":[{"href":"https:\/\/tahricteaches.com\/fr\/wp-json\/wp\/v2\/types\/product"}],"replies":[{"embeddable":true,"href":"https:\/\/tahricteaches.com\/fr\/wp-json\/wp\/v2\/comments?post=68"}],"wp:featuredmedia":[{"embeddable":true,"href":"https:\/\/tahricteaches.com\/fr\/wp-json\/wp\/v2\/media\/67"}],"wp:attachment":[{"href":"https:\/\/tahricteaches.com\/fr\/wp-json\/wp\/v2\/media?parent=68"}],"wp:term":[{"taxonomy":"product_cat","embeddable":true,"href":"https:\/\/tahricteaches.com\/fr\/wp-json\/wp\/v2\/product_cat?post=68"},{"taxonomy":"product_tag","embeddable":true,"href":"https:\/\/tahricteaches.com\/fr\/wp-json\/wp\/v2\/product_tag?post=68"}],"curies":[{"name":"wp","href":"https:\/\/api.w.org\/{rel}","templated":true}]}}