{"id":60,"date":"2024-11-02T16:34:41","date_gmt":"2024-11-02T16:34:41","guid":{"rendered":"https:\/\/tahricteaches.com\/product\/himalaya-range\/"},"modified":"2024-11-02T16:34:41","modified_gmt":"2024-11-02T16:34:41","slug":"himalaya-range","status":"publish","type":"product","link":"https:\/\/tahricteaches.com\/hu\/product\/himalaja-hegyseg\/","title":{"rendered":"Himal\u00e1ja-hegys\u00e9g"},"content":{"rendered":"<p>A hatalmas \u00e9s kih\u00edv\u00e1sokkal teli Himal\u00e1ja-hegys\u00e9gr\u0151l elnevezett term\u00e9kcsal\u00e1d az er\u0151t, a rugalmass\u00e1got \u00e9s a kalandv\u00e1gyat jelk\u00e9pezi. Alkalmas nagy teljes\u00edtm\u00e9ny\u0171 term\u00e9kekhez, amelyeket sz\u00e9ls\u0151s\u00e9ges k\u00f6r\u00fclm\u00e9nyek \u00e9s kih\u00edv\u00e1sok elvisel\u00e9s\u00e9re terveztek.<\/p>","protected":false},"excerpt":{"rendered":"<p>T\u00f6k\u00e9letes az er\u0151t \u00e9s ellen\u00e1ll\u00f3 k\u00e9pess\u00e9get k\u00e9pvisel\u0151 term\u00e9kekhez, amelyeket a hatalmas \u00e9s kih\u00edv\u00e1sokkal teli Himal\u00e1ja-hegys\u00e9g ihletett.<\/p>","protected":false},"featured_media":37,"comment_status":"open","ping_status":"closed","template":"","meta":{"rank_math_lock_modified_date":false,"_kadence_starter_templates_imported_post":true,"_kad_post_transparent":"","_kad_post_title":"","_kad_post_layout":"","_kad_post_sidebar_id":"","_kad_post_content_style":"","_kad_post_vertical_padding":"","_kad_post_feature":"","_kad_post_feature_position":"","_kad_post_header":false,"_kad_post_footer":false},"product_cat":[21],"product_tag":[],"class_list":{"0":"post-60","1":"product","2":"type-product","3":"status-publish","4":"has-post-thumbnail","6":"product_cat-external-types","8":"first","9":"instock","10":"shipping-taxable","11":"product-type-external","12":"entry","13":"content-bg","14":"loop-entry"},"_links":{"self":[{"href":"https:\/\/tahricteaches.com\/hu\/wp-json\/wp\/v2\/product\/60","targetHints":{"allow":["GET"]}}],"collection":[{"href":"https:\/\/tahricteaches.com\/hu\/wp-json\/wp\/v2\/product"}],"about":[{"href":"https:\/\/tahricteaches.com\/hu\/wp-json\/wp\/v2\/types\/product"}],"replies":[{"embeddable":true,"href":"https:\/\/tahricteaches.com\/hu\/wp-json\/wp\/v2\/comments?post=60"}],"wp:featuredmedia":[{"embeddable":true,"href":"https:\/\/tahricteaches.com\/hu\/wp-json\/wp\/v2\/media\/37"}],"wp:attachment":[{"href":"https:\/\/tahricteaches.com\/hu\/wp-json\/wp\/v2\/media?parent=60"}],"wp:term":[{"taxonomy":"product_cat","embeddable":true,"href":"https:\/\/tahricteaches.com\/hu\/wp-json\/wp\/v2\/product_cat?post=60"},{"taxonomy":"product_tag","embeddable":true,"href":"https:\/\/tahricteaches.com\/hu\/wp-json\/wp\/v2\/product_tag?post=60"}],"curies":[{"name":"wp","href":"https:\/\/api.w.org\/{rel}","templated":true}]}}