{"id":62,"date":"2024-11-02T16:34:41","date_gmt":"2024-11-02T16:34:41","guid":{"rendered":"https:\/\/tahricteaches.com\/product\/andes-collection\/"},"modified":"2024-11-02T16:34:41","modified_gmt":"2024-11-02T16:34:41","slug":"andes-collection","status":"publish","type":"product","link":"https:\/\/tahricteaches.com\/hu\/product\/andok-gyujtemeny\/","title":{"rendered":"Andok Gy\u0171jtem\u00e9ny"},"content":{"rendered":"<p>Az Andok, a vil\u00e1g egyik leghosszabb hegyvonulata ihlette ezt a kollekci\u00f3t, amely a soksz\u00edn\u0171s\u00e9get \u00e9s a kitart\u00e1st szimboliz\u00e1lja. Az Andok Kollekci\u00f3 term\u00e9kei sokoldal\u00faak, tart\u00f3sak, \u00e9s sz\u00e9les k\u00f6r\u0171 ig\u00e9nyeket kiel\u00e9g\u00edtenek, t\u00fckr\u00f6zve az Andok hegys\u00e9g v\u00e1ltozatos t\u00e1jait \u00e9s \u00e9ghajlat\u00e1t.<\/p>","protected":false},"excerpt":{"rendered":"<p>Alkalmas v\u00e1ltozatos \u00e9s sokoldal\u00fa term\u00e9kk\u00edn\u00e1lathoz, mivel az Andok az egyik leghosszabb hegys\u00e9g.<\/p>","protected":false},"featured_media":39,"comment_status":"open","ping_status":"closed","template":"","meta":{"rank_math_lock_modified_date":false,"_kadence_starter_templates_imported_post":true,"_kad_post_transparent":"","_kad_post_title":"","_kad_post_layout":"","_kad_post_sidebar_id":"","_kad_post_content_style":"","_kad_post_vertical_padding":"","_kad_post_feature":"","_kad_post_feature_position":"","_kad_post_header":false,"_kad_post_footer":false},"product_cat":[21],"product_tag":[],"class_list":{"0":"post-62","1":"product","2":"type-product","3":"status-publish","4":"has-post-thumbnail","6":"product_cat-external-types","8":"first","9":"instock","10":"shipping-taxable","11":"product-type-external","12":"entry","13":"content-bg","14":"loop-entry"},"_links":{"self":[{"href":"https:\/\/tahricteaches.com\/hu\/wp-json\/wp\/v2\/product\/62","targetHints":{"allow":["GET"]}}],"collection":[{"href":"https:\/\/tahricteaches.com\/hu\/wp-json\/wp\/v2\/product"}],"about":[{"href":"https:\/\/tahricteaches.com\/hu\/wp-json\/wp\/v2\/types\/product"}],"replies":[{"embeddable":true,"href":"https:\/\/tahricteaches.com\/hu\/wp-json\/wp\/v2\/comments?post=62"}],"wp:featuredmedia":[{"embeddable":true,"href":"https:\/\/tahricteaches.com\/hu\/wp-json\/wp\/v2\/media\/39"}],"wp:attachment":[{"href":"https:\/\/tahricteaches.com\/hu\/wp-json\/wp\/v2\/media?parent=62"}],"wp:term":[{"taxonomy":"product_cat","embeddable":true,"href":"https:\/\/tahricteaches.com\/hu\/wp-json\/wp\/v2\/product_cat?post=62"},{"taxonomy":"product_tag","embeddable":true,"href":"https:\/\/tahricteaches.com\/hu\/wp-json\/wp\/v2\/product_tag?post=62"}],"curies":[{"name":"wp","href":"https:\/\/api.w.org\/{rel}","templated":true}]}}