{"id":64,"date":"2024-11-02T16:34:45","date_gmt":"2024-11-02T16:34:45","guid":{"rendered":"https:\/\/tahricteaches.com\/product\/kilimanjaro-set\/"},"modified":"2024-11-02T16:34:45","modified_gmt":"2024-11-02T16:34:45","slug":"kilimanjaro-set","status":"publish","type":"product","link":"https:\/\/tahricteaches.com\/hu\/product\/kilimandzsaro-keszlet\/","title":{"rendered":"Kilimandzs\u00e1r\u00f3-halmaz"},"content":{"rendered":"<p>A Kilimandzs\u00e1r\u00f3 egyed\u00fcl\u00e1ll\u00f3 kiemelked\u0151 szerepe az afrikai t\u00e1jban ihlette ezt a k\u00e9szletet. Az egyedi vagy k\u00fcl\u00f6nleges term\u00e9kekhez ide\u00e1lis Kilimandzs\u00e1r\u00f3 k\u00e9szlet megk\u00fcl\u00f6nb\u00f6ztet\u0151 k\u00e9pess\u00e9g\u00e9vel \u00e9s egy\u00e9nis\u00e9g\u00e9vel t\u0171nik ki, ak\u00e1rcsak maga a Kilimandzs\u00e1r\u00f3 \u00f6n\u00e1ll\u00f3 sz\u00e9ps\u00e9ge.<\/p>","protected":false},"excerpt":{"rendered":"<p>Alkalmas egyedi vagy \u00f6n\u00e1ll\u00f3 term\u00e9kekhez, p\u00e9ld\u00e1ul az afrikai Kilimandzs\u00e1r\u00f3 egyed\u00fcl\u00e1ll\u00f3 jelent\u0151s\u00e9g\u0171 hegy\u00e9hez.<\/p>","protected":false},"featured_media":63,"comment_status":"open","ping_status":"closed","template":"","meta":{"rank_math_lock_modified_date":false,"_kadence_starter_templates_imported_post":true,"_kad_post_transparent":"","_kad_post_title":"","_kad_post_layout":"","_kad_post_sidebar_id":"","_kad_post_content_style":"","_kad_post_vertical_padding":"","_kad_post_feature":"","_kad_post_feature_position":"","_kad_post_header":false,"_kad_post_footer":false},"product_cat":[22],"product_tag":[],"class_list":{"0":"post-64","1":"product","2":"type-product","3":"status-publish","4":"has-post-thumbnail","6":"product_cat-simple-types","8":"first","9":"instock","10":"shipping-taxable","11":"purchasable","12":"product-type-simple","13":"entry","14":"content-bg","15":"loop-entry"},"_links":{"self":[{"href":"https:\/\/tahricteaches.com\/hu\/wp-json\/wp\/v2\/product\/64","targetHints":{"allow":["GET"]}}],"collection":[{"href":"https:\/\/tahricteaches.com\/hu\/wp-json\/wp\/v2\/product"}],"about":[{"href":"https:\/\/tahricteaches.com\/hu\/wp-json\/wp\/v2\/types\/product"}],"replies":[{"embeddable":true,"href":"https:\/\/tahricteaches.com\/hu\/wp-json\/wp\/v2\/comments?post=64"}],"wp:featuredmedia":[{"embeddable":true,"href":"https:\/\/tahricteaches.com\/hu\/wp-json\/wp\/v2\/media\/63"}],"wp:attachment":[{"href":"https:\/\/tahricteaches.com\/hu\/wp-json\/wp\/v2\/media?parent=64"}],"wp:term":[{"taxonomy":"product_cat","embeddable":true,"href":"https:\/\/tahricteaches.com\/hu\/wp-json\/wp\/v2\/product_cat?post=64"},{"taxonomy":"product_tag","embeddable":true,"href":"https:\/\/tahricteaches.com\/hu\/wp-json\/wp\/v2\/product_tag?post=64"}],"curies":[{"name":"wp","href":"https:\/\/api.w.org\/{rel}","templated":true}]}}