{"id":66,"date":"2024-11-02T16:34:49","date_gmt":"2024-11-02T16:34:49","guid":{"rendered":"https:\/\/tahricteaches.com\/product\/rockies-line\/"},"modified":"2024-11-02T16:34:49","modified_gmt":"2024-11-02T16:34:49","slug":"rockies-line","status":"publish","type":"product","link":"https:\/\/tahricteaches.com\/hu\/product\/sziklas-hegyseg-vonala\/","title":{"rendered":"Szikl\u00e1s-hegys\u00e9g vonala"},"content":{"rendered":"<p>A Szikl\u00e1s-hegys\u00e9g zord, fens\u00e9ges term\u00e9szet\u00e9b\u0151l mer\u00edtve a Rockies term\u00e9kcsal\u00e1d t\u00f6k\u00e9letes v\u00e1laszt\u00e1s olyan term\u00e9kekhez, amelyek robusztusak, megb\u00edzhat\u00f3ak \u00e9s tart\u00f3sak. Ide\u00e1lis v\u00e1laszt\u00e1s k\u00fclt\u00e9ri, kalandos vagy nagy teherb\u00edr\u00e1s\u00fa term\u00e9kekhez, amelyek ellen\u00e1ll\u00f3 k\u00e9pess\u00e9get \u00e9s szil\u00e1rds\u00e1got ig\u00e9nyelnek.<\/p>","protected":false},"excerpt":{"rendered":"<p>Ide\u00e1lis robusztus \u00e9s tart\u00f3s term\u00e9kekhez, a Szikl\u00e1s-hegys\u00e9g zord term\u00e9szet\u00e9b\u0151l mer\u00edtve.<\/p>","protected":false},"featured_media":65,"comment_status":"open","ping_status":"closed","template":"","meta":{"rank_math_lock_modified_date":false,"_kadence_starter_templates_imported_post":true,"_kad_post_transparent":"","_kad_post_title":"","_kad_post_layout":"","_kad_post_sidebar_id":"","_kad_post_content_style":"","_kad_post_vertical_padding":"","_kad_post_feature":"","_kad_post_feature_position":"","_kad_post_header":false,"_kad_post_footer":false},"product_cat":[22],"product_tag":[],"class_list":{"0":"post-66","1":"product","2":"type-product","3":"status-publish","4":"has-post-thumbnail","6":"product_cat-simple-types","8":"first","9":"instock","10":"shipping-taxable","11":"purchasable","12":"product-type-simple","13":"entry","14":"content-bg","15":"loop-entry"},"_links":{"self":[{"href":"https:\/\/tahricteaches.com\/hu\/wp-json\/wp\/v2\/product\/66","targetHints":{"allow":["GET"]}}],"collection":[{"href":"https:\/\/tahricteaches.com\/hu\/wp-json\/wp\/v2\/product"}],"about":[{"href":"https:\/\/tahricteaches.com\/hu\/wp-json\/wp\/v2\/types\/product"}],"replies":[{"embeddable":true,"href":"https:\/\/tahricteaches.com\/hu\/wp-json\/wp\/v2\/comments?post=66"}],"wp:featuredmedia":[{"embeddable":true,"href":"https:\/\/tahricteaches.com\/hu\/wp-json\/wp\/v2\/media\/65"}],"wp:attachment":[{"href":"https:\/\/tahricteaches.com\/hu\/wp-json\/wp\/v2\/media?parent=66"}],"wp:term":[{"taxonomy":"product_cat","embeddable":true,"href":"https:\/\/tahricteaches.com\/hu\/wp-json\/wp\/v2\/product_cat?post=66"},{"taxonomy":"product_tag","embeddable":true,"href":"https:\/\/tahricteaches.com\/hu\/wp-json\/wp\/v2\/product_tag?post=66"}],"curies":[{"name":"wp","href":"https:\/\/api.w.org\/{rel}","templated":true}]}}