{"id":68,"date":"2024-11-02T16:34:54","date_gmt":"2024-11-02T16:34:54","guid":{"rendered":"https:\/\/tahricteaches.com\/product\/everest-series\/"},"modified":"2024-11-02T16:34:54","modified_gmt":"2024-11-02T16:34:54","slug":"everest-series","status":"publish","type":"product","link":"https:\/\/tahricteaches.com\/hu\/product\/everest-sorozat\/","title":{"rendered":"Everest sorozat"},"content":{"rendered":"<p>A vil\u00e1g legmagasabb cs\u00facs\u00e1r\u00f3l, a Mount Everestr\u0151l elnevezett sorozat a min\u0151s\u00e9g \u00e9s a teljes\u00edtm\u00e9ny cs\u00facs\u00e1t k\u00e9pviseli. Ide\u00e1lis a technol\u00f3gia, az innov\u00e1ci\u00f3 \u00e9s a diz\u00e1jn legjav\u00e1t megtestes\u00edt\u0151 z\u00e1szl\u00f3shaj\u00f3 term\u00e9kekhez, az Everest sorozat a kiv\u00e1l\u00f3s\u00e1g legmagasabb szabv\u00e1nyainak megh\u00f3d\u00edt\u00e1s\u00e1t jelenti.<\/p>","protected":false},"excerpt":{"rendered":"<p>Pr\u00e9mium vagy kiemelt term\u00e9keihez. A Mount Everest a vil\u00e1g legmagasabb hegye, a min\u0151s\u00e9g vagy a teljes\u00edtm\u00e9ny cs\u00facs\u00e1t szimboliz\u00e1lja.<\/p>","protected":false},"featured_media":67,"comment_status":"open","ping_status":"closed","template":"","meta":{"rank_math_lock_modified_date":false,"_kadence_starter_templates_imported_post":true,"_kad_post_transparent":"","_kad_post_title":"","_kad_post_layout":"","_kad_post_sidebar_id":"","_kad_post_content_style":"","_kad_post_vertical_padding":"","_kad_post_feature":"","_kad_post_feature_position":"","_kad_post_header":false,"_kad_post_footer":false},"product_cat":[22],"product_tag":[],"class_list":{"0":"post-68","1":"product","2":"type-product","3":"status-publish","4":"has-post-thumbnail","6":"product_cat-simple-types","8":"first","9":"instock","10":"shipping-taxable","11":"purchasable","12":"product-type-simple","13":"entry","14":"content-bg","15":"loop-entry"},"_links":{"self":[{"href":"https:\/\/tahricteaches.com\/hu\/wp-json\/wp\/v2\/product\/68","targetHints":{"allow":["GET"]}}],"collection":[{"href":"https:\/\/tahricteaches.com\/hu\/wp-json\/wp\/v2\/product"}],"about":[{"href":"https:\/\/tahricteaches.com\/hu\/wp-json\/wp\/v2\/types\/product"}],"replies":[{"embeddable":true,"href":"https:\/\/tahricteaches.com\/hu\/wp-json\/wp\/v2\/comments?post=68"}],"wp:featuredmedia":[{"embeddable":true,"href":"https:\/\/tahricteaches.com\/hu\/wp-json\/wp\/v2\/media\/67"}],"wp:attachment":[{"href":"https:\/\/tahricteaches.com\/hu\/wp-json\/wp\/v2\/media?parent=68"}],"wp:term":[{"taxonomy":"product_cat","embeddable":true,"href":"https:\/\/tahricteaches.com\/hu\/wp-json\/wp\/v2\/product_cat?post=68"},{"taxonomy":"product_tag","embeddable":true,"href":"https:\/\/tahricteaches.com\/hu\/wp-json\/wp\/v2\/product_tag?post=68"}],"curies":[{"name":"wp","href":"https:\/\/api.w.org\/{rel}","templated":true}]}}