{"id":68,"date":"2024-11-02T16:34:54","date_gmt":"2024-11-02T16:34:54","guid":{"rendered":"https:\/\/tahricteaches.com\/product\/everest-series\/"},"modified":"2024-11-02T16:34:54","modified_gmt":"2024-11-02T16:34:54","slug":"everest-series","status":"publish","type":"product","link":"https:\/\/tahricteaches.com\/pl\/product\/seria-everest\/","title":{"rendered":"Seria Everest"},"content":{"rendered":"<p>Nazwana na cze\u015b\u0107 Mount Everestu, najwy\u017cszego szczytu \u015bwiata, seria ta reprezentuje szczyt jako\u015bci i wydajno\u015bci. Idealna dla flagowych produkt\u00f3w, kt\u00f3re uciele\u015bniaj\u0105 to, co najlepsze w technologii, innowacyjno\u015bci i wzornictwie, seria Everest oznacza podbijanie najwy\u017cszych standard\u00f3w doskona\u0142o\u015bci.<\/p>","protected":false},"excerpt":{"rendered":"<p>Dla Twoich produkt\u00f3w premium lub flagowych. Mount Everest to najwy\u017csza g\u00f3ra \u015bwiata, symbolizuj\u0105ca szczyt jako\u015bci i wydajno\u015bci.<\/p>","protected":false},"featured_media":67,"comment_status":"open","ping_status":"closed","template":"","meta":{"rank_math_lock_modified_date":false,"_kadence_starter_templates_imported_post":true,"_kad_post_transparent":"","_kad_post_title":"","_kad_post_layout":"","_kad_post_sidebar_id":"","_kad_post_content_style":"","_kad_post_vertical_padding":"","_kad_post_feature":"","_kad_post_feature_position":"","_kad_post_header":false,"_kad_post_footer":false},"product_cat":[22],"product_tag":[],"class_list":{"0":"post-68","1":"product","2":"type-product","3":"status-publish","4":"has-post-thumbnail","6":"product_cat-simple-types","8":"first","9":"instock","10":"shipping-taxable","11":"purchasable","12":"product-type-simple","13":"entry","14":"content-bg","15":"loop-entry"},"_links":{"self":[{"href":"https:\/\/tahricteaches.com\/pl\/wp-json\/wp\/v2\/product\/68","targetHints":{"allow":["GET"]}}],"collection":[{"href":"https:\/\/tahricteaches.com\/pl\/wp-json\/wp\/v2\/product"}],"about":[{"href":"https:\/\/tahricteaches.com\/pl\/wp-json\/wp\/v2\/types\/product"}],"replies":[{"embeddable":true,"href":"https:\/\/tahricteaches.com\/pl\/wp-json\/wp\/v2\/comments?post=68"}],"wp:featuredmedia":[{"embeddable":true,"href":"https:\/\/tahricteaches.com\/pl\/wp-json\/wp\/v2\/media\/67"}],"wp:attachment":[{"href":"https:\/\/tahricteaches.com\/pl\/wp-json\/wp\/v2\/media?parent=68"}],"wp:term":[{"taxonomy":"product_cat","embeddable":true,"href":"https:\/\/tahricteaches.com\/pl\/wp-json\/wp\/v2\/product_cat?post=68"},{"taxonomy":"product_tag","embeddable":true,"href":"https:\/\/tahricteaches.com\/pl\/wp-json\/wp\/v2\/product_tag?post=68"}],"curies":[{"name":"wp","href":"https:\/\/api.w.org\/{rel}","templated":true}]}}