{"id":64,"date":"2024-11-02T16:34:45","date_gmt":"2024-11-02T16:34:45","guid":{"rendered":"https:\/\/tahricteaches.com\/product\/kilimanjaro-set\/"},"modified":"2024-11-02T16:34:45","modified_gmt":"2024-11-02T16:34:45","slug":"kilimanjaro-set","status":"publish","type":"product","link":"https:\/\/tahricteaches.com\/sv\/product\/kilimanjaro-set\/","title":{"rendered":"Kilimanjaro-setet"},"content":{"rendered":"<p>Kilimanjaros unika framtr\u00e4dande plats i det afrikanska landskapet \u00e4r inspirationen till detta set. Kilimanjaro-setet \u00e4r perfekt f\u00f6r unika eller specialprodukter och utm\u00e4rker sig f\u00f6r sin s\u00e4rpr\u00e4gel och individualitet, precis som Kilimanjaros frist\u00e5ende sk\u00f6nhet.<\/p>","protected":false},"excerpt":{"rendered":"<p>L\u00e4mplig f\u00f6r unika eller frist\u00e5ende produkter, i likhet med Kilimanjaros enast\u00e5ende framtr\u00e4dande plats i Afrika.<\/p>","protected":false},"featured_media":63,"comment_status":"open","ping_status":"closed","template":"","meta":{"rank_math_lock_modified_date":false,"_kadence_starter_templates_imported_post":true,"_kad_post_transparent":"","_kad_post_title":"","_kad_post_layout":"","_kad_post_sidebar_id":"","_kad_post_content_style":"","_kad_post_vertical_padding":"","_kad_post_feature":"","_kad_post_feature_position":"","_kad_post_header":false,"_kad_post_footer":false},"product_cat":[22],"product_tag":[],"class_list":{"0":"post-64","1":"product","2":"type-product","3":"status-publish","4":"has-post-thumbnail","6":"product_cat-simple-types","8":"first","9":"instock","10":"shipping-taxable","11":"purchasable","12":"product-type-simple","13":"entry","14":"content-bg","15":"loop-entry"},"_links":{"self":[{"href":"https:\/\/tahricteaches.com\/sv\/wp-json\/wp\/v2\/product\/64","targetHints":{"allow":["GET"]}}],"collection":[{"href":"https:\/\/tahricteaches.com\/sv\/wp-json\/wp\/v2\/product"}],"about":[{"href":"https:\/\/tahricteaches.com\/sv\/wp-json\/wp\/v2\/types\/product"}],"replies":[{"embeddable":true,"href":"https:\/\/tahricteaches.com\/sv\/wp-json\/wp\/v2\/comments?post=64"}],"wp:featuredmedia":[{"embeddable":true,"href":"https:\/\/tahricteaches.com\/sv\/wp-json\/wp\/v2\/media\/63"}],"wp:attachment":[{"href":"https:\/\/tahricteaches.com\/sv\/wp-json\/wp\/v2\/media?parent=64"}],"wp:term":[{"taxonomy":"product_cat","embeddable":true,"href":"https:\/\/tahricteaches.com\/sv\/wp-json\/wp\/v2\/product_cat?post=64"},{"taxonomy":"product_tag","embeddable":true,"href":"https:\/\/tahricteaches.com\/sv\/wp-json\/wp\/v2\/product_tag?post=64"}],"curies":[{"name":"wp","href":"https:\/\/api.w.org\/{rel}","templated":true}]}}