{"id":66,"date":"2024-11-02T16:34:49","date_gmt":"2024-11-02T16:34:49","guid":{"rendered":"https:\/\/tahricteaches.com\/product\/rockies-line\/"},"modified":"2024-11-02T16:34:49","modified_gmt":"2024-11-02T16:34:49","slug":"rockies-line","status":"publish","type":"product","link":"https:\/\/tahricteaches.com\/sv\/product\/rockies-linjen\/","title":{"rendered":"Klippiga bergslinjen"},"content":{"rendered":"<p>Med inspiration fr\u00e5n Klippiga bergens karga, majest\u00e4tiska natur \u00e4r Rockies-serien perfekt f\u00f6r produkter som \u00e4r robusta, p\u00e5litliga och byggda f\u00f6r att h\u00e5lla. Den \u00e4r en idealisk matchning f\u00f6r frilufts-, \u00e4ventyrs- eller tunga produkter som kr\u00e4ver motst\u00e5ndskraft och styrka.<\/p>","protected":false},"excerpt":{"rendered":"<p>Idealisk f\u00f6r robusta och h\u00e5llbara produkter, med inspiration fr\u00e5n Klippiga bergens karga natur.<\/p>","protected":false},"featured_media":65,"comment_status":"open","ping_status":"closed","template":"","meta":{"rank_math_lock_modified_date":false,"_kadence_starter_templates_imported_post":true,"_kad_post_transparent":"","_kad_post_title":"","_kad_post_layout":"","_kad_post_sidebar_id":"","_kad_post_content_style":"","_kad_post_vertical_padding":"","_kad_post_feature":"","_kad_post_feature_position":"","_kad_post_header":false,"_kad_post_footer":false},"product_cat":[22],"product_tag":[],"class_list":{"0":"post-66","1":"product","2":"type-product","3":"status-publish","4":"has-post-thumbnail","6":"product_cat-simple-types","8":"first","9":"instock","10":"shipping-taxable","11":"purchasable","12":"product-type-simple","13":"entry","14":"content-bg","15":"loop-entry"},"_links":{"self":[{"href":"https:\/\/tahricteaches.com\/sv\/wp-json\/wp\/v2\/product\/66","targetHints":{"allow":["GET"]}}],"collection":[{"href":"https:\/\/tahricteaches.com\/sv\/wp-json\/wp\/v2\/product"}],"about":[{"href":"https:\/\/tahricteaches.com\/sv\/wp-json\/wp\/v2\/types\/product"}],"replies":[{"embeddable":true,"href":"https:\/\/tahricteaches.com\/sv\/wp-json\/wp\/v2\/comments?post=66"}],"wp:featuredmedia":[{"embeddable":true,"href":"https:\/\/tahricteaches.com\/sv\/wp-json\/wp\/v2\/media\/65"}],"wp:attachment":[{"href":"https:\/\/tahricteaches.com\/sv\/wp-json\/wp\/v2\/media?parent=66"}],"wp:term":[{"taxonomy":"product_cat","embeddable":true,"href":"https:\/\/tahricteaches.com\/sv\/wp-json\/wp\/v2\/product_cat?post=66"},{"taxonomy":"product_tag","embeddable":true,"href":"https:\/\/tahricteaches.com\/sv\/wp-json\/wp\/v2\/product_tag?post=66"}],"curies":[{"name":"wp","href":"https:\/\/api.w.org\/{rel}","templated":true}]}}