{"id":60,"date":"2024-11-02T16:34:41","date_gmt":"2024-11-02T16:34:41","guid":{"rendered":"https:\/\/tahricteaches.com\/product\/himalaya-range\/"},"modified":"2024-11-02T16:34:41","modified_gmt":"2024-11-02T16:34:41","slug":"himalaya-range","status":"publish","type":"product","link":"https:\/\/tahricteaches.com\/tr\/product\/himalaya-siradaglari\/","title":{"rendered":"Himalaya S\u0131rada\u011flar\u0131"},"content":{"rendered":"<p>Ad\u0131n\u0131 geni\u015f ve zorlu Himalaya da\u011flar\u0131ndan alan bu \u00fcr\u00fcn serisi, g\u00fcc\u00fc, dayan\u0131kl\u0131l\u0131\u011f\u0131 ve macera ruhunu temsil eder. Zorlu ko\u015fullara ve zorluklara dayanacak \u015fekilde tasarlanm\u0131\u015f y\u00fcksek performansl\u0131 \u00fcr\u00fcnler i\u00e7in uygundur.<\/p>","protected":false},"excerpt":{"rendered":"<p>Himalayalar\u0131n geni\u015f ve zorlu yelpazesinden ilham alan, g\u00fc\u00e7 ve dayan\u0131kl\u0131l\u0131\u011f\u0131 temsil eden \u00fcr\u00fcnler i\u00e7in m\u00fckemmel.<\/p>","protected":false},"featured_media":37,"comment_status":"open","ping_status":"closed","template":"","meta":{"rank_math_lock_modified_date":false,"_kadence_starter_templates_imported_post":true,"_kad_post_transparent":"","_kad_post_title":"","_kad_post_layout":"","_kad_post_sidebar_id":"","_kad_post_content_style":"","_kad_post_vertical_padding":"","_kad_post_feature":"","_kad_post_feature_position":"","_kad_post_header":false,"_kad_post_footer":false},"product_cat":[21],"product_tag":[],"class_list":{"0":"post-60","1":"product","2":"type-product","3":"status-publish","4":"has-post-thumbnail","6":"product_cat-external-types","8":"first","9":"instock","10":"shipping-taxable","11":"product-type-external","12":"entry","13":"content-bg","14":"loop-entry"},"_links":{"self":[{"href":"https:\/\/tahricteaches.com\/tr\/wp-json\/wp\/v2\/product\/60","targetHints":{"allow":["GET"]}}],"collection":[{"href":"https:\/\/tahricteaches.com\/tr\/wp-json\/wp\/v2\/product"}],"about":[{"href":"https:\/\/tahricteaches.com\/tr\/wp-json\/wp\/v2\/types\/product"}],"replies":[{"embeddable":true,"href":"https:\/\/tahricteaches.com\/tr\/wp-json\/wp\/v2\/comments?post=60"}],"wp:featuredmedia":[{"embeddable":true,"href":"https:\/\/tahricteaches.com\/tr\/wp-json\/wp\/v2\/media\/37"}],"wp:attachment":[{"href":"https:\/\/tahricteaches.com\/tr\/wp-json\/wp\/v2\/media?parent=60"}],"wp:term":[{"taxonomy":"product_cat","embeddable":true,"href":"https:\/\/tahricteaches.com\/tr\/wp-json\/wp\/v2\/product_cat?post=60"},{"taxonomy":"product_tag","embeddable":true,"href":"https:\/\/tahricteaches.com\/tr\/wp-json\/wp\/v2\/product_tag?post=60"}],"curies":[{"name":"wp","href":"https:\/\/api.w.org\/{rel}","templated":true}]}}