{"id":61,"date":"2024-11-02T16:34:41","date_gmt":"2024-11-02T16:34:41","guid":{"rendered":"https:\/\/tahricteaches.com\/product\/alps-edition\/"},"modified":"2024-11-02T16:34:41","modified_gmt":"2024-11-02T16:34:41","slug":"alps-edition","status":"publish","type":"product","link":"https:\/\/tahricteaches.com\/tr\/product\/alpler-baskisi\/","title":{"rendered":"Alpler S\u00fcr\u00fcm\u00fc"},"content":{"rendered":"<p>Nefes kesen g\u00fczellikleri ve prestijli kayak merkezleriyle \u00fcnl\u00fc Alpler, bu koleksiyona ilham veriyor. Alpler Koleksiyonu&#039;ndaki \u00fcr\u00fcnler, zarif, y\u00fcksek kaliteli ve l\u00fcks olup, ince i\u015f\u00e7ili\u011fi ve sofistike tasar\u0131m\u0131 takdir eden bir kitleye hitap ediyor.<\/p>","protected":false},"excerpt":{"rendered":"<p>Avrupa Alplerinin prestijini ve g\u00fczelli\u011fini yans\u0131tan, \u015f\u0131k ve kaliteli \u00fcr\u00fcnler i\u00e7in.<\/p>","protected":false},"featured_media":38,"comment_status":"open","ping_status":"closed","template":"","meta":{"rank_math_lock_modified_date":false,"_kadence_starter_templates_imported_post":true,"_kad_post_transparent":"","_kad_post_title":"","_kad_post_layout":"","_kad_post_sidebar_id":"","_kad_post_content_style":"","_kad_post_vertical_padding":"","_kad_post_feature":"","_kad_post_feature_position":"","_kad_post_header":false,"_kad_post_footer":false},"product_cat":[21],"product_tag":[],"class_list":{"0":"post-61","1":"product","2":"type-product","3":"status-publish","4":"has-post-thumbnail","6":"product_cat-external-types","8":"first","9":"instock","10":"shipping-taxable","11":"product-type-external","12":"entry","13":"content-bg","14":"loop-entry"},"_links":{"self":[{"href":"https:\/\/tahricteaches.com\/tr\/wp-json\/wp\/v2\/product\/61","targetHints":{"allow":["GET"]}}],"collection":[{"href":"https:\/\/tahricteaches.com\/tr\/wp-json\/wp\/v2\/product"}],"about":[{"href":"https:\/\/tahricteaches.com\/tr\/wp-json\/wp\/v2\/types\/product"}],"replies":[{"embeddable":true,"href":"https:\/\/tahricteaches.com\/tr\/wp-json\/wp\/v2\/comments?post=61"}],"wp:featuredmedia":[{"embeddable":true,"href":"https:\/\/tahricteaches.com\/tr\/wp-json\/wp\/v2\/media\/38"}],"wp:attachment":[{"href":"https:\/\/tahricteaches.com\/tr\/wp-json\/wp\/v2\/media?parent=61"}],"wp:term":[{"taxonomy":"product_cat","embeddable":true,"href":"https:\/\/tahricteaches.com\/tr\/wp-json\/wp\/v2\/product_cat?post=61"},{"taxonomy":"product_tag","embeddable":true,"href":"https:\/\/tahricteaches.com\/tr\/wp-json\/wp\/v2\/product_tag?post=61"}],"curies":[{"name":"wp","href":"https:\/\/api.w.org\/{rel}","templated":true}]}}