{"id":62,"date":"2024-11-02T16:34:41","date_gmt":"2024-11-02T16:34:41","guid":{"rendered":"https:\/\/tahricteaches.com\/product\/andes-collection\/"},"modified":"2024-11-02T16:34:41","modified_gmt":"2024-11-02T16:34:41","slug":"andes-collection","status":"publish","type":"product","link":"https:\/\/tahricteaches.com\/tr\/product\/andes-koleksiyonu\/","title":{"rendered":"Andes Koleksiyonu"},"content":{"rendered":"<p>D\u00fcnyan\u0131n en uzun s\u0131rada\u011flar\u0131ndan biri olan And Da\u011flar\u0131&#039;ndan ilham alan bu koleksiyon, \u00e7e\u015fitlili\u011fi ve dayan\u0131kl\u0131l\u0131\u011f\u0131 simgeliyor. And Da\u011flar\u0131 Koleksiyonu&#039;ndaki \u00fcr\u00fcnler, And Da\u011flar\u0131&#039;n\u0131n \u00e7e\u015fitli manzaralar\u0131n\u0131 ve iklimlerini yans\u0131tan \u00e7ok y\u00f6nl\u00fc, dayan\u0131kl\u0131 ve geni\u015f bir yelpazedeki ihtiya\u00e7lar\u0131 kar\u015f\u0131layacak \u015fekilde tasarlanm\u0131\u015ft\u0131r.<\/p>","protected":false},"excerpt":{"rendered":"<p>And Da\u011flar\u0131 en uzun s\u0131rada\u011flardan biri oldu\u011fundan, \u00e7e\u015fitli ve \u00e7ok y\u00f6nl\u00fc \u00fcr\u00fcn yelpazesine uygundur.<\/p>","protected":false},"featured_media":39,"comment_status":"open","ping_status":"closed","template":"","meta":{"rank_math_lock_modified_date":false,"_kadence_starter_templates_imported_post":true,"_kad_post_transparent":"","_kad_post_title":"","_kad_post_layout":"","_kad_post_sidebar_id":"","_kad_post_content_style":"","_kad_post_vertical_padding":"","_kad_post_feature":"","_kad_post_feature_position":"","_kad_post_header":false,"_kad_post_footer":false},"product_cat":[21],"product_tag":[],"class_list":{"0":"post-62","1":"product","2":"type-product","3":"status-publish","4":"has-post-thumbnail","6":"product_cat-external-types","8":"first","9":"instock","10":"shipping-taxable","11":"product-type-external","12":"entry","13":"content-bg","14":"loop-entry"},"_links":{"self":[{"href":"https:\/\/tahricteaches.com\/tr\/wp-json\/wp\/v2\/product\/62","targetHints":{"allow":["GET"]}}],"collection":[{"href":"https:\/\/tahricteaches.com\/tr\/wp-json\/wp\/v2\/product"}],"about":[{"href":"https:\/\/tahricteaches.com\/tr\/wp-json\/wp\/v2\/types\/product"}],"replies":[{"embeddable":true,"href":"https:\/\/tahricteaches.com\/tr\/wp-json\/wp\/v2\/comments?post=62"}],"wp:featuredmedia":[{"embeddable":true,"href":"https:\/\/tahricteaches.com\/tr\/wp-json\/wp\/v2\/media\/39"}],"wp:attachment":[{"href":"https:\/\/tahricteaches.com\/tr\/wp-json\/wp\/v2\/media?parent=62"}],"wp:term":[{"taxonomy":"product_cat","embeddable":true,"href":"https:\/\/tahricteaches.com\/tr\/wp-json\/wp\/v2\/product_cat?post=62"},{"taxonomy":"product_tag","embeddable":true,"href":"https:\/\/tahricteaches.com\/tr\/wp-json\/wp\/v2\/product_tag?post=62"}],"curies":[{"name":"wp","href":"https:\/\/api.w.org\/{rel}","templated":true}]}}