{"id":64,"date":"2024-11-02T16:34:45","date_gmt":"2024-11-02T16:34:45","guid":{"rendered":"https:\/\/tahricteaches.com\/product\/kilimanjaro-set\/"},"modified":"2024-11-02T16:34:45","modified_gmt":"2024-11-02T16:34:45","slug":"kilimanjaro-set","status":"publish","type":"product","link":"https:\/\/tahricteaches.com\/tr\/product\/kilimanjaro-seti\/","title":{"rendered":"Kilimanjaro Seti"},"content":{"rendered":"<p>Kilimanjaro Da\u011f\u0131&#039;n\u0131n Afrika co\u011frafyas\u0131ndaki e\u015fsiz \u00f6nemi, bu setin ilham kayna\u011f\u0131d\u0131r. Benzersiz veya \u00f6zel \u00fcr\u00fcnler i\u00e7in ideal olan Kilimanjaro Seti, t\u0131pk\u0131 Kilimanjaro&#039;nun kendi ba\u015f\u0131na g\u00fczelli\u011fi gibi, \u00f6zg\u00fcnl\u00fc\u011f\u00fc ve \u00f6zg\u00fcnl\u00fc\u011f\u00fcyle \u00f6ne \u00e7\u0131kar.<\/p>","protected":false},"excerpt":{"rendered":"<p>Afrika&#039;daki Kilimanjaro Da\u011f\u0131&#039;n\u0131n e\u015fsiz \u00f6nemine benzer \u015fekilde, benzersiz veya tek ba\u015f\u0131na \u00fcr\u00fcnler i\u00e7in uygundur.<\/p>","protected":false},"featured_media":63,"comment_status":"open","ping_status":"closed","template":"","meta":{"rank_math_lock_modified_date":false,"_kadence_starter_templates_imported_post":true,"_kad_post_transparent":"","_kad_post_title":"","_kad_post_layout":"","_kad_post_sidebar_id":"","_kad_post_content_style":"","_kad_post_vertical_padding":"","_kad_post_feature":"","_kad_post_feature_position":"","_kad_post_header":false,"_kad_post_footer":false},"product_cat":[22],"product_tag":[],"class_list":{"0":"post-64","1":"product","2":"type-product","3":"status-publish","4":"has-post-thumbnail","6":"product_cat-simple-types","8":"first","9":"instock","10":"shipping-taxable","11":"purchasable","12":"product-type-simple","13":"entry","14":"content-bg","15":"loop-entry"},"_links":{"self":[{"href":"https:\/\/tahricteaches.com\/tr\/wp-json\/wp\/v2\/product\/64","targetHints":{"allow":["GET"]}}],"collection":[{"href":"https:\/\/tahricteaches.com\/tr\/wp-json\/wp\/v2\/product"}],"about":[{"href":"https:\/\/tahricteaches.com\/tr\/wp-json\/wp\/v2\/types\/product"}],"replies":[{"embeddable":true,"href":"https:\/\/tahricteaches.com\/tr\/wp-json\/wp\/v2\/comments?post=64"}],"wp:featuredmedia":[{"embeddable":true,"href":"https:\/\/tahricteaches.com\/tr\/wp-json\/wp\/v2\/media\/63"}],"wp:attachment":[{"href":"https:\/\/tahricteaches.com\/tr\/wp-json\/wp\/v2\/media?parent=64"}],"wp:term":[{"taxonomy":"product_cat","embeddable":true,"href":"https:\/\/tahricteaches.com\/tr\/wp-json\/wp\/v2\/product_cat?post=64"},{"taxonomy":"product_tag","embeddable":true,"href":"https:\/\/tahricteaches.com\/tr\/wp-json\/wp\/v2\/product_tag?post=64"}],"curies":[{"name":"wp","href":"https:\/\/api.w.org\/{rel}","templated":true}]}}