{"id":66,"date":"2024-11-02T16:34:49","date_gmt":"2024-11-02T16:34:49","guid":{"rendered":"https:\/\/tahricteaches.com\/product\/rockies-line\/"},"modified":"2024-11-02T16:34:49","modified_gmt":"2024-11-02T16:34:49","slug":"rockies-line","status":"publish","type":"product","link":"https:\/\/tahricteaches.com\/tr\/product\/rockies-hatti\/","title":{"rendered":"Rockies Hatt\u0131"},"content":{"rendered":"<p>Rocky Da\u011flar\u0131&#039;n\u0131n engebeli ve g\u00f6rkemli do\u011fas\u0131ndan ilham alan Rockies Serisi, sa\u011flam, g\u00fcvenilir ve uzun \u00f6m\u00fcrl\u00fc \u00fcr\u00fcnler i\u00e7in m\u00fckemmeldir. Dayan\u0131kl\u0131l\u0131k ve g\u00fc\u00e7 gerektiren a\u00e7\u0131k hava, macera veya a\u011f\u0131r hizmet tipi \u00fcr\u00fcnler i\u00e7in idealdir.<\/p>","protected":false},"excerpt":{"rendered":"<p>Rocky Da\u011flar\u0131&#039;n\u0131n engebeli do\u011fas\u0131ndan ilham al\u0131narak, sa\u011flam ve dayan\u0131kl\u0131 \u00fcr\u00fcnler i\u00e7in idealdir.<\/p>","protected":false},"featured_media":65,"comment_status":"open","ping_status":"closed","template":"","meta":{"rank_math_lock_modified_date":false,"_kadence_starter_templates_imported_post":true,"_kad_post_transparent":"","_kad_post_title":"","_kad_post_layout":"","_kad_post_sidebar_id":"","_kad_post_content_style":"","_kad_post_vertical_padding":"","_kad_post_feature":"","_kad_post_feature_position":"","_kad_post_header":false,"_kad_post_footer":false},"product_cat":[22],"product_tag":[],"class_list":{"0":"post-66","1":"product","2":"type-product","3":"status-publish","4":"has-post-thumbnail","6":"product_cat-simple-types","8":"first","9":"instock","10":"shipping-taxable","11":"purchasable","12":"product-type-simple","13":"entry","14":"content-bg","15":"loop-entry"},"_links":{"self":[{"href":"https:\/\/tahricteaches.com\/tr\/wp-json\/wp\/v2\/product\/66","targetHints":{"allow":["GET"]}}],"collection":[{"href":"https:\/\/tahricteaches.com\/tr\/wp-json\/wp\/v2\/product"}],"about":[{"href":"https:\/\/tahricteaches.com\/tr\/wp-json\/wp\/v2\/types\/product"}],"replies":[{"embeddable":true,"href":"https:\/\/tahricteaches.com\/tr\/wp-json\/wp\/v2\/comments?post=66"}],"wp:featuredmedia":[{"embeddable":true,"href":"https:\/\/tahricteaches.com\/tr\/wp-json\/wp\/v2\/media\/65"}],"wp:attachment":[{"href":"https:\/\/tahricteaches.com\/tr\/wp-json\/wp\/v2\/media?parent=66"}],"wp:term":[{"taxonomy":"product_cat","embeddable":true,"href":"https:\/\/tahricteaches.com\/tr\/wp-json\/wp\/v2\/product_cat?post=66"},{"taxonomy":"product_tag","embeddable":true,"href":"https:\/\/tahricteaches.com\/tr\/wp-json\/wp\/v2\/product_tag?post=66"}],"curies":[{"name":"wp","href":"https:\/\/api.w.org\/{rel}","templated":true}]}}