{"id":60,"date":"2024-11-02T16:34:41","date_gmt":"2024-11-02T16:34:41","guid":{"rendered":"https:\/\/tahricteaches.com\/product\/himalaya-range\/"},"modified":"2024-11-02T16:34:41","modified_gmt":"2024-11-02T16:34:41","slug":"himalaya-range","status":"publish","type":"product","link":"https:\/\/tahricteaches.com\/vi\/product\/day-himalaya\/","title":{"rendered":"D\u00e3y n\u00fai Himalaya"},"content":{"rendered":"<p>\u0110\u01b0\u1ee3c \u0111\u1eb7t theo t\u00ean d\u00e3y n\u00fai Himalaya h\u00f9ng v\u0129 v\u00e0 \u0111\u1ea7y th\u1eed th\u00e1ch, d\u00f2ng s\u1ea3n ph\u1ea9m n\u00e0y t\u01b0\u1ee3ng tr\u01b0ng cho s\u1ee9c m\u1ea1nh, kh\u1ea3 n\u0103ng ph\u1ee5c h\u1ed3i v\u00e0 tinh th\u1ea7n phi\u00eau l\u01b0u. Ph\u00f9 h\u1ee3p v\u1edbi c\u00e1c s\u1ea3n ph\u1ea9m hi\u1ec7u su\u1ea5t cao \u0111\u01b0\u1ee3c thi\u1ebft k\u1ebf \u0111\u1ec3 ch\u1ecbu \u0111\u01b0\u1ee3c \u0111i\u1ec1u ki\u1ec7n v\u00e0 th\u1eed th\u00e1ch kh\u1eafc nghi\u1ec7t.<\/p>","protected":false},"excerpt":{"rendered":"<p>Ho\u00e0n h\u1ea3o cho c\u00e1c s\u1ea3n ph\u1ea9m t\u01b0\u1ee3ng tr\u01b0ng cho s\u1ee9c m\u1ea1nh v\u00e0 kh\u1ea3 n\u0103ng ph\u1ee5c h\u1ed3i, l\u1ea5y c\u1ea3m h\u1ee9ng t\u1eeb d\u00e3y n\u00fai Himalaya r\u1ed9ng l\u1edbn v\u00e0 \u0111\u1ea7y th\u1eed th\u00e1ch.<\/p>","protected":false},"featured_media":37,"comment_status":"open","ping_status":"closed","template":"","meta":{"rank_math_lock_modified_date":false,"_kadence_starter_templates_imported_post":true,"_kad_post_transparent":"","_kad_post_title":"","_kad_post_layout":"","_kad_post_sidebar_id":"","_kad_post_content_style":"","_kad_post_vertical_padding":"","_kad_post_feature":"","_kad_post_feature_position":"","_kad_post_header":false,"_kad_post_footer":false},"product_cat":[21],"product_tag":[],"class_list":{"0":"post-60","1":"product","2":"type-product","3":"status-publish","4":"has-post-thumbnail","6":"product_cat-external-types","8":"first","9":"instock","10":"shipping-taxable","11":"product-type-external","12":"entry","13":"content-bg","14":"loop-entry"},"_links":{"self":[{"href":"https:\/\/tahricteaches.com\/vi\/wp-json\/wp\/v2\/product\/60","targetHints":{"allow":["GET"]}}],"collection":[{"href":"https:\/\/tahricteaches.com\/vi\/wp-json\/wp\/v2\/product"}],"about":[{"href":"https:\/\/tahricteaches.com\/vi\/wp-json\/wp\/v2\/types\/product"}],"replies":[{"embeddable":true,"href":"https:\/\/tahricteaches.com\/vi\/wp-json\/wp\/v2\/comments?post=60"}],"wp:featuredmedia":[{"embeddable":true,"href":"https:\/\/tahricteaches.com\/vi\/wp-json\/wp\/v2\/media\/37"}],"wp:attachment":[{"href":"https:\/\/tahricteaches.com\/vi\/wp-json\/wp\/v2\/media?parent=60"}],"wp:term":[{"taxonomy":"product_cat","embeddable":true,"href":"https:\/\/tahricteaches.com\/vi\/wp-json\/wp\/v2\/product_cat?post=60"},{"taxonomy":"product_tag","embeddable":true,"href":"https:\/\/tahricteaches.com\/vi\/wp-json\/wp\/v2\/product_tag?post=60"}],"curies":[{"name":"wp","href":"https:\/\/api.w.org\/{rel}","templated":true}]}}