{"id":61,"date":"2024-11-02T16:34:41","date_gmt":"2024-11-02T16:34:41","guid":{"rendered":"https:\/\/tahricteaches.com\/product\/alps-edition\/"},"modified":"2024-11-02T16:34:41","modified_gmt":"2024-11-02T16:34:41","slug":"alps-edition","status":"publish","type":"product","link":"https:\/\/tahricteaches.com\/vi\/product\/phien-ban-day-alps\/","title":{"rendered":"Phi\u00ean b\u1ea3n Alps"},"content":{"rendered":"<p>D\u00e3y n\u00fai Alps, n\u1ed5i ti\u1ebfng v\u1edbi v\u1ebb \u0111\u1eb9p ngo\u1ea1n m\u1ee5c v\u00e0 nh\u1eefng khu ngh\u1ec9 d\u01b0\u1ee1ng tr\u01b0\u1ee3t tuy\u1ebft danh ti\u1ebfng, ch\u00ednh l\u00e0 ngu\u1ed3n c\u1ea3m h\u1ee9ng cho \u1ea5n b\u1ea3n n\u00e0y. C\u00e1c s\u1ea3n ph\u1ea9m trong phi\u00ean b\u1ea3n Alps thanh l\u1ecbch, ch\u1ea5t l\u01b0\u1ee3ng cao v\u00e0 sang tr\u1ecdng, d\u00e0nh ri\u00eang cho nh\u1eefng ai y\u00eau th\u00edch ngh\u1ec7 thu\u1eadt th\u1ee7 c\u00f4ng tinh x\u1ea3o v\u00e0 thi\u1ebft k\u1ebf tinh t\u1ebf.<\/p>","protected":false},"excerpt":{"rendered":"<p>D\u00e0nh cho nh\u1eefng s\u1ea3n ph\u1ea9m thanh l\u1ecbch v\u00e0 ch\u1ea5t l\u01b0\u1ee3ng cao, ph\u1ea3n \u00e1nh s\u1ef1 uy t\u00edn v\u00e0 v\u1ebb \u0111\u1eb9p c\u1ee7a d\u00e3y n\u00fai Alps ch\u00e2u \u00c2u.<\/p>","protected":false},"featured_media":38,"comment_status":"open","ping_status":"closed","template":"","meta":{"rank_math_lock_modified_date":false,"_kadence_starter_templates_imported_post":true,"_kad_post_transparent":"","_kad_post_title":"","_kad_post_layout":"","_kad_post_sidebar_id":"","_kad_post_content_style":"","_kad_post_vertical_padding":"","_kad_post_feature":"","_kad_post_feature_position":"","_kad_post_header":false,"_kad_post_footer":false},"product_cat":[21],"product_tag":[],"class_list":{"0":"post-61","1":"product","2":"type-product","3":"status-publish","4":"has-post-thumbnail","6":"product_cat-external-types","8":"first","9":"instock","10":"shipping-taxable","11":"product-type-external","12":"entry","13":"content-bg","14":"loop-entry"},"_links":{"self":[{"href":"https:\/\/tahricteaches.com\/vi\/wp-json\/wp\/v2\/product\/61","targetHints":{"allow":["GET"]}}],"collection":[{"href":"https:\/\/tahricteaches.com\/vi\/wp-json\/wp\/v2\/product"}],"about":[{"href":"https:\/\/tahricteaches.com\/vi\/wp-json\/wp\/v2\/types\/product"}],"replies":[{"embeddable":true,"href":"https:\/\/tahricteaches.com\/vi\/wp-json\/wp\/v2\/comments?post=61"}],"wp:featuredmedia":[{"embeddable":true,"href":"https:\/\/tahricteaches.com\/vi\/wp-json\/wp\/v2\/media\/38"}],"wp:attachment":[{"href":"https:\/\/tahricteaches.com\/vi\/wp-json\/wp\/v2\/media?parent=61"}],"wp:term":[{"taxonomy":"product_cat","embeddable":true,"href":"https:\/\/tahricteaches.com\/vi\/wp-json\/wp\/v2\/product_cat?post=61"},{"taxonomy":"product_tag","embeddable":true,"href":"https:\/\/tahricteaches.com\/vi\/wp-json\/wp\/v2\/product_tag?post=61"}],"curies":[{"name":"wp","href":"https:\/\/api.w.org\/{rel}","templated":true}]}}