{"id":62,"date":"2024-11-02T16:34:41","date_gmt":"2024-11-02T16:34:41","guid":{"rendered":"https:\/\/tahricteaches.com\/product\/andes-collection\/"},"modified":"2024-11-02T16:34:41","modified_gmt":"2024-11-02T16:34:41","slug":"andes-collection","status":"publish","type":"product","link":"https:\/\/tahricteaches.com\/vi\/product\/bo-suu-tap-andes\/","title":{"rendered":"B\u1ed9 s\u01b0u t\u1eadp Andes"},"content":{"rendered":"<p>L\u1ea5y c\u1ea3m h\u1ee9ng t\u1eeb d\u00e3y Andes, m\u1ed9t trong nh\u1eefng d\u00e3y n\u00fai d\u00e0i nh\u1ea5t th\u1ebf gi\u1edbi, b\u1ed9 s\u01b0u t\u1eadp n\u00e0y t\u01b0\u1ee3ng tr\u01b0ng cho s\u1ef1 \u0111a d\u1ea1ng v\u00e0 b\u1ec1n b\u1ec9. C\u00e1c s\u1ea3n ph\u1ea9m thu\u1ed9c B\u1ed9 s\u01b0u t\u1eadp Andes \u0111a n\u0103ng, b\u1ec1n b\u1ec9 v\u00e0 \u0111\u01b0\u1ee3c thi\u1ebft k\u1ebf \u0111\u1ec3 \u0111\u00e1p \u1ee9ng nhi\u1ec1u nhu c\u1ea7u kh\u00e1c nhau, ph\u1ea3n \u00e1nh c\u1ea3nh quan v\u00e0 kh\u00ed h\u1eadu \u0111a d\u1ea1ng c\u1ee7a d\u00e3y n\u00fai Andes.<\/p>","protected":false},"excerpt":{"rendered":"<p>Ph\u00f9 h\u1ee3p cho nhi\u1ec1u lo\u1ea1i s\u1ea3n ph\u1ea9m \u0111a d\u1ea1ng v\u00e0 phong ph\u00fa v\u00ec Andes l\u00e0 m\u1ed9t trong nh\u1eefng d\u00e3y n\u00fai d\u00e0i nh\u1ea5t.<\/p>","protected":false},"featured_media":39,"comment_status":"open","ping_status":"closed","template":"","meta":{"rank_math_lock_modified_date":false,"_kadence_starter_templates_imported_post":true,"_kad_post_transparent":"","_kad_post_title":"","_kad_post_layout":"","_kad_post_sidebar_id":"","_kad_post_content_style":"","_kad_post_vertical_padding":"","_kad_post_feature":"","_kad_post_feature_position":"","_kad_post_header":false,"_kad_post_footer":false},"product_cat":[21],"product_tag":[],"class_list":{"0":"post-62","1":"product","2":"type-product","3":"status-publish","4":"has-post-thumbnail","6":"product_cat-external-types","8":"first","9":"instock","10":"shipping-taxable","11":"product-type-external","12":"entry","13":"content-bg","14":"loop-entry"},"_links":{"self":[{"href":"https:\/\/tahricteaches.com\/vi\/wp-json\/wp\/v2\/product\/62","targetHints":{"allow":["GET"]}}],"collection":[{"href":"https:\/\/tahricteaches.com\/vi\/wp-json\/wp\/v2\/product"}],"about":[{"href":"https:\/\/tahricteaches.com\/vi\/wp-json\/wp\/v2\/types\/product"}],"replies":[{"embeddable":true,"href":"https:\/\/tahricteaches.com\/vi\/wp-json\/wp\/v2\/comments?post=62"}],"wp:featuredmedia":[{"embeddable":true,"href":"https:\/\/tahricteaches.com\/vi\/wp-json\/wp\/v2\/media\/39"}],"wp:attachment":[{"href":"https:\/\/tahricteaches.com\/vi\/wp-json\/wp\/v2\/media?parent=62"}],"wp:term":[{"taxonomy":"product_cat","embeddable":true,"href":"https:\/\/tahricteaches.com\/vi\/wp-json\/wp\/v2\/product_cat?post=62"},{"taxonomy":"product_tag","embeddable":true,"href":"https:\/\/tahricteaches.com\/vi\/wp-json\/wp\/v2\/product_tag?post=62"}],"curies":[{"name":"wp","href":"https:\/\/api.w.org\/{rel}","templated":true}]}}