{"id":64,"date":"2024-11-02T16:34:45","date_gmt":"2024-11-02T16:34:45","guid":{"rendered":"https:\/\/tahricteaches.com\/product\/kilimanjaro-set\/"},"modified":"2024-11-02T16:34:45","modified_gmt":"2024-11-02T16:34:45","slug":"kilimanjaro-set","status":"publish","type":"product","link":"https:\/\/tahricteaches.com\/vi\/product\/bo-kilimanjaro\/","title":{"rendered":"B\u1ed9 Kilimanjaro"},"content":{"rendered":"<p>S\u1ef1 n\u1ed5i b\u1eadt \u0111\u1eb7c bi\u1ec7t c\u1ee7a N\u00fai Kilimanjaro trong c\u1ea3nh quan Ch\u00e2u Phi l\u00e0 ngu\u1ed3n c\u1ea3m h\u1ee9ng cho b\u1ed9 s\u1ea3n ph\u1ea9m n\u00e0y. L\u00fd t\u01b0\u1edfng cho c\u00e1c s\u1ea3n ph\u1ea9m \u0111\u1ed9c \u0111\u00e1o ho\u1eb7c \u0111\u1eb7c bi\u1ec7t, B\u1ed9 Kilimanjaro n\u1ed5i b\u1eadt v\u00ec s\u1ef1 kh\u00e1c bi\u1ec7t v\u00e0 c\u00e1 t\u00ednh c\u1ee7a n\u00f3, gi\u1ed1ng nh\u01b0 v\u1ebb \u0111\u1eb9p \u0111\u1ed9c l\u1eadp c\u1ee7a ch\u00ednh Kilimanjaro.<\/p>","protected":false},"excerpt":{"rendered":"<p>Ph\u00f9 h\u1ee3p v\u1edbi c\u00e1c s\u1ea3n ph\u1ea9m \u0111\u1ed9c \u0111\u00e1o ho\u1eb7c ri\u00eang l\u1ebb, t\u01b0\u01a1ng t\u1ef1 nh\u01b0 s\u1ef1 n\u1ed5i b\u1eadt ri\u00eang bi\u1ec7t c\u1ee7a ng\u1ecdn n\u00fai Kilimanjaro \u1edf Ch\u00e2u Phi.<\/p>","protected":false},"featured_media":63,"comment_status":"open","ping_status":"closed","template":"","meta":{"rank_math_lock_modified_date":false,"_kadence_starter_templates_imported_post":true,"_kad_post_transparent":"","_kad_post_title":"","_kad_post_layout":"","_kad_post_sidebar_id":"","_kad_post_content_style":"","_kad_post_vertical_padding":"","_kad_post_feature":"","_kad_post_feature_position":"","_kad_post_header":false,"_kad_post_footer":false},"product_cat":[22],"product_tag":[],"class_list":{"0":"post-64","1":"product","2":"type-product","3":"status-publish","4":"has-post-thumbnail","6":"product_cat-simple-types","8":"first","9":"instock","10":"shipping-taxable","11":"purchasable","12":"product-type-simple","13":"entry","14":"content-bg","15":"loop-entry"},"_links":{"self":[{"href":"https:\/\/tahricteaches.com\/vi\/wp-json\/wp\/v2\/product\/64","targetHints":{"allow":["GET"]}}],"collection":[{"href":"https:\/\/tahricteaches.com\/vi\/wp-json\/wp\/v2\/product"}],"about":[{"href":"https:\/\/tahricteaches.com\/vi\/wp-json\/wp\/v2\/types\/product"}],"replies":[{"embeddable":true,"href":"https:\/\/tahricteaches.com\/vi\/wp-json\/wp\/v2\/comments?post=64"}],"wp:featuredmedia":[{"embeddable":true,"href":"https:\/\/tahricteaches.com\/vi\/wp-json\/wp\/v2\/media\/63"}],"wp:attachment":[{"href":"https:\/\/tahricteaches.com\/vi\/wp-json\/wp\/v2\/media?parent=64"}],"wp:term":[{"taxonomy":"product_cat","embeddable":true,"href":"https:\/\/tahricteaches.com\/vi\/wp-json\/wp\/v2\/product_cat?post=64"},{"taxonomy":"product_tag","embeddable":true,"href":"https:\/\/tahricteaches.com\/vi\/wp-json\/wp\/v2\/product_tag?post=64"}],"curies":[{"name":"wp","href":"https:\/\/api.w.org\/{rel}","templated":true}]}}