{"id":66,"date":"2024-11-02T16:34:49","date_gmt":"2024-11-02T16:34:49","guid":{"rendered":"https:\/\/tahricteaches.com\/product\/rockies-line\/"},"modified":"2024-11-02T16:34:49","modified_gmt":"2024-11-02T16:34:49","slug":"rockies-line","status":"publish","type":"product","link":"https:\/\/tahricteaches.com\/vi\/product\/day-nui-rocky\/","title":{"rendered":"\u0110\u01b0\u1eddng Rockies"},"content":{"rendered":"<p>L\u1ea5y c\u1ea3m h\u1ee9ng t\u1eeb thi\u00ean nhi\u00ean h\u00f9ng v\u0129, g\u1ed3 gh\u1ec1 c\u1ee7a d\u00e3y n\u00fai Rocky, d\u00f2ng s\u1ea3n ph\u1ea9m Rockies ho\u00e0n h\u1ea3o cho nh\u1eefng s\u1ea3n ph\u1ea9m b\u1ec1n b\u1ec9, \u0111\u00e1ng tin c\u1eady v\u00e0 b\u1ec1n b\u1ec9. \u0110\u00e2y l\u00e0 s\u1ef1 k\u1ebft h\u1ee3p l\u00fd t\u01b0\u1edfng cho c\u00e1c s\u1ea3n ph\u1ea9m ngo\u00e0i tr\u1eddi, phi\u00eau l\u01b0u ho\u1eb7c h\u1ea1ng n\u1eb7ng \u0111\u00f2i h\u1ecfi \u0111\u1ed9 b\u1ec1n v\u00e0 s\u1ee9c m\u1ea1nh.<\/p>","protected":false},"excerpt":{"rendered":"<p>Th\u00edch h\u1ee3p cho c\u00e1c s\u1ea3n ph\u1ea9m b\u1ec1n ch\u1eafc, ch\u1eafc ch\u1eafn, l\u1ea5y c\u1ea3m h\u1ee9ng t\u1eeb thi\u00ean nhi\u00ean kh\u1eafc nghi\u1ec7t c\u1ee7a d\u00e3y n\u00fai Rocky.<\/p>","protected":false},"featured_media":65,"comment_status":"open","ping_status":"closed","template":"","meta":{"rank_math_lock_modified_date":false,"_kadence_starter_templates_imported_post":true,"_kad_post_transparent":"","_kad_post_title":"","_kad_post_layout":"","_kad_post_sidebar_id":"","_kad_post_content_style":"","_kad_post_vertical_padding":"","_kad_post_feature":"","_kad_post_feature_position":"","_kad_post_header":false,"_kad_post_footer":false},"product_cat":[22],"product_tag":[],"class_list":{"0":"post-66","1":"product","2":"type-product","3":"status-publish","4":"has-post-thumbnail","6":"product_cat-simple-types","8":"first","9":"instock","10":"shipping-taxable","11":"purchasable","12":"product-type-simple","13":"entry","14":"content-bg","15":"loop-entry"},"_links":{"self":[{"href":"https:\/\/tahricteaches.com\/vi\/wp-json\/wp\/v2\/product\/66","targetHints":{"allow":["GET"]}}],"collection":[{"href":"https:\/\/tahricteaches.com\/vi\/wp-json\/wp\/v2\/product"}],"about":[{"href":"https:\/\/tahricteaches.com\/vi\/wp-json\/wp\/v2\/types\/product"}],"replies":[{"embeddable":true,"href":"https:\/\/tahricteaches.com\/vi\/wp-json\/wp\/v2\/comments?post=66"}],"wp:featuredmedia":[{"embeddable":true,"href":"https:\/\/tahricteaches.com\/vi\/wp-json\/wp\/v2\/media\/65"}],"wp:attachment":[{"href":"https:\/\/tahricteaches.com\/vi\/wp-json\/wp\/v2\/media?parent=66"}],"wp:term":[{"taxonomy":"product_cat","embeddable":true,"href":"https:\/\/tahricteaches.com\/vi\/wp-json\/wp\/v2\/product_cat?post=66"},{"taxonomy":"product_tag","embeddable":true,"href":"https:\/\/tahricteaches.com\/vi\/wp-json\/wp\/v2\/product_tag?post=66"}],"curies":[{"name":"wp","href":"https:\/\/api.w.org\/{rel}","templated":true}]}}